{"id":730,"date":"2022-02-04T10:15:47","date_gmt":"2022-02-04T10:15:47","guid":{"rendered":"https:\/\/cafeastoriabudapest.hu\/fooldal\/"},"modified":"2025-06-22T21:29:43","modified_gmt":"2025-06-22T21:29:43","slug":"fooldal","status":"publish","type":"page","link":"https:\/\/cafeastoriabudapest.hu\/en\/","title":{"rendered":"Home"},"content":{"rendered":"<p>[et_pb_section fb_built=&#8221;1&#8243; _builder_version=&#8221;4.16&#8243; _module_preset=&#8221;default&#8221; custom_padding=&#8221;0px||0px||false|false&#8221; global_colors_info=&#8221;{}&#8221;][et_pb_row _builder_version=&#8221;4.16&#8243; _module_preset=&#8221;default&#8221; global_colors_info=&#8221;{}&#8221;][et_pb_column type=&#8221;4_4&#8243; _builder_version=&#8221;4.16&#8243; _module_preset=&#8221;default&#8221; global_colors_info=&#8221;{}&#8221;][et_pb_image src=&#8221;https:\/\/cafeastoriabudapest.hu\/wp-content\/uploads\/2022\/02\/Astoria-Restaurant1.jpg&#8221; title_text=&#8221;Astoria-Restaurant1&#8243; align=&#8221;center&#8221; _builder_version=&#8221;4.16&#8243; _module_preset=&#8221;default&#8221; global_colors_info=&#8221;{}&#8221;][\/et_pb_image][\/et_pb_column][\/et_pb_row][\/et_pb_section][et_pb_section fb_built=&#8221;1&#8243; _builder_version=&#8221;4.16&#8243; _module_preset=&#8221;default&#8221; custom_padding=&#8221;0px||||false|false&#8221; global_colors_info=&#8221;{}&#8221;][et_pb_row _builder_version=&#8221;4.16&#8243; _module_preset=&#8221;default&#8221; global_colors_info=&#8221;{}&#8221;][et_pb_column type=&#8221;4_4&#8243; _builder_version=&#8221;4.16&#8243; _module_preset=&#8221;default&#8221; global_colors_info=&#8221;{}&#8221;][et_pb_text _builder_version=&#8221;4.27.4&#8243; _module_preset=&#8221;default&#8221; header_2_font=&#8221;Marcellus||||||||&#8221; header_2_line_height=&#8221;1.3em&#8221; header_2_font_size_tablet=&#8221;&#8221; header_2_font_size_phone=&#8221;20px&#8221; header_2_font_size_last_edited=&#8221;on|phone&#8221; global_colors_info=&#8221;{}&#8221;]<\/p>\n<h2 style=\"text-align: center;\">The restaurant of the more than 100-year-old<a href=\"http:\/\/www.danubiushotels.hu\/szallodak-budapest\/danubius-hotel-astoria\"> Danubius Hotel Astoria <\/a>welcomes its guests with creative cuisine and the sophisticated gastronomic offer of the present, seasoning the traditions of hospitality with dynamism and a 21st century approach.<\/h2>\n<p>[\/et_pb_text][\/et_pb_column][\/et_pb_row][et_pb_row column_structure=&#8221;1_4,1_4,1_4,1_4&#8243; disabled_on=&#8221;off|off|off&#8221; _builder_version=&#8221;4.27.4&#8243; _module_preset=&#8221;default&#8221; collapsed=&#8221;off&#8221; global_colors_info=&#8221;{}&#8221;][et_pb_column type=&#8221;1_4&#8243; _builder_version=&#8221;4.16&#8243; _module_preset=&#8221;default&#8221; global_colors_info=&#8221;{}&#8221;][et_pb_text _builder_version=&#8221;4.18.0&#8243; _module_preset=&#8221;default&#8221; custom_margin=&#8221;||0px||false|false&#8221; hover_enabled=&#8221;0&#8243; global_colors_info=&#8221;{}&#8221; sticky_enabled=&#8221;0&#8243;]<\/p>\n<h3 class=\"text-center\">The flavours of Cafe Astoria<\/h3>\n<p>[\/et_pb_text][et_pb_image src=&#8221;https:\/\/cafeastoriabudapest.hu\/wp-content\/uploads\/2023\/11\/Astoria_2023_osz-010-scaled.jpg&#8221; title_text=&#8221;Astoria_2023_osz-010&#8243; _builder_version=&#8221;4.23.1&#8243; _module_preset=&#8221;default&#8221; global_colors_info=&#8221;{}&#8221;][\/et_pb_image][et_pb_text admin_label=&#8221;Sz\u00f6veg&#8221; _builder_version=&#8221;4.27.4&#8243; _module_preset=&#8221;default&#8221; hover_enabled=&#8221;0&#8243; global_colors_info=&#8221;{}&#8221; sticky_enabled=&#8221;0&#8243;]<\/p>\n<p>We await you with a renewed, characterful menu every day from 12:00 p.m. to 11:00 p.m.(*last order by 10:00pm) at Cafe Astoria, where the top quality of fresh flavours and bold food pairings is guaranteed by head chef T\u00edmea Lakatos and her team.<\/p>\n<p>[\/et_pb_text][\/et_pb_column][et_pb_column type=&#8221;1_4&#8243; _builder_version=&#8221;4.16&#8243; _module_preset=&#8221;default&#8221; global_colors_info=&#8221;{}&#8221;][et_pb_text _builder_version=&#8221;4.18.0&#8243; _module_preset=&#8221;default&#8221; custom_margin=&#8221;||0px||false|false&#8221; global_colors_info=&#8221;{}&#8221;]<\/p>\n<h3 class=\"text-center\">Astoria breakfast<\/h3>\n<p>[\/et_pb_text][et_pb_image src=&#8221;https:\/\/cafeastoriabudapest.hu\/wp-content\/uploads\/2022\/02\/DH-Astoria_Empire-Room_breakfast-2-scaled.jpg&#8221; title_text=&#8221;DH Astoria_Empire Room_breakfast (2)&#8221; _builder_version=&#8221;4.16&#8243; _module_preset=&#8221;default&#8221; global_colors_info=&#8221;{}&#8221;][\/et_pb_image][et_pb_text _builder_version=&#8221;4.27.4&#8243; _module_preset=&#8221;default&#8221; hover_enabled=&#8221;0&#8243; global_colors_info=&#8221;{}&#8221; sticky_enabled=&#8221;0&#8243;]<\/p>\n<p>There\u2019s no better way to start the day than with a gastronomic tour at Caf\u00e9 Astoria, where you can taste the breakfast delicacies of Budapest, Vienna, Paris, or London.<\/p>\n<p>The price of our four-city breakfast offer is HUF 2 990\/person + 12% service charge. Would you like to try more? We also offer a generous buffet breakfast selection every day, between 7:00 a.m. and 10:00 a.m. The price of the buffet breakfast is HUF 5,200\/person + 12% service charge.<\/p>\n<p>[\/et_pb_text][\/et_pb_column][et_pb_column type=&#8221;1_4&#8243; _builder_version=&#8221;4.16&#8243; _module_preset=&#8221;default&#8221; global_colors_info=&#8221;{}&#8221;][et_pb_text _builder_version=&#8221;4.18.0&#8243; _module_preset=&#8221;default&#8221; custom_margin=&#8221;||0px||false|false&#8221; hover_enabled=&#8221;0&#8243; global_colors_info=&#8221;{}&#8221; sticky_enabled=&#8221;0&#8243;]<\/p>\n<h3 class=\"text-center\">Astoria Sweet Happy Hours<\/h3>\n<p>[\/et_pb_text][et_pb_image src=&#8221;https:\/\/cafeastoriabudapest.hu\/wp-content\/uploads\/2022\/02\/Cafe_Astoria-002-scaled.jpg&#8221; title_text=&#8221;Cafe_Astoria-002&#8243; _builder_version=&#8221;4.18.0&#8243; _module_preset=&#8221;default&#8221; global_colors_info=&#8221;{}&#8221;][\/et_pb_image][et_pb_text _builder_version=&#8221;4.27.4&#8243; _module_preset=&#8221;default&#8221; hover_enabled=&#8221;0&#8243; global_colors_info=&#8221;{}&#8221; sticky_enabled=&#8221;0&#8243;]<\/p>\n<p>Our coffee house selection will refresh your days with sweet temptation, aromatic coffee, and fragrant tea, and also refill you with energy during the day.<\/p>\n<p>Coffee\/tea and cake every day between 3:00 p.m. and 5:00 p.m. &#8211; HUF 2 490 (+12% service fee).<\/p>\n<p>[\/et_pb_text][\/et_pb_column][et_pb_column type=&#8221;1_4&#8243; _builder_version=&#8221;4.16&#8243; _module_preset=&#8221;default&#8221; global_colors_info=&#8221;{}&#8221;][et_pb_text _builder_version=&#8221;4.23.1&#8243; _module_preset=&#8221;default&#8221; custom_margin=&#8221;||0px||false|false&#8221; global_colors_info=&#8221;{}&#8221;]<\/p>\n<h3 class=\"text-center\">Special Tuesday, Friday and Saturday dinners<\/h3>\n<p>[\/et_pb_text][et_pb_image src=&#8221;https:\/\/cafeastoriabudapest.hu\/wp-content\/uploads\/2023\/06\/Nevtelen-2560-\u00d7-1703-keppont.png&#8221; title_text=&#8221;N\u00e9vtelen (2560 \u00d7 1703 k\u00e9ppont)&#8221; _builder_version=&#8221;4.20.0&#8243; _module_preset=&#8221;default&#8221; global_colors_info=&#8221;{}&#8221;][\/et_pb_image][et_pb_text _builder_version=&#8221;4.23.1&#8243; _module_preset=&#8221;default&#8221; global_colors_info=&#8221;{}&#8221;]<\/p>\n<p>Enjoy your dinner accompanied by live piano music every Tuesday, Friday and Saturday between 7:00 p.m. and 10:00 p.m.<\/p>\n<p>[\/et_pb_text][\/et_pb_column][\/et_pb_row][\/et_pb_section]<\/p>\n","protected":false},"excerpt":{"rendered":"<p>The restaurant of the more than 100-year-old Danubius Hotel Astoria welcomes its guests with creative cuisine and the sophisticated gastronomic offer of the present, seasoning the traditions of hospitality with dynamism and a 21st century approach.The flavours of Cafe AstoriaWe await you with a renewed, characterful menu every day from 12:00 p.m. to 11:00 p.m.(*last order by 10:00pm) at Cafe Astoria, where the top quality of fresh flavours and bold food pairings is guaranteed by head chef T\u00edmea Lakatos and her team.Astoria breakfastThere\u2019s no better way to start the day than with a gastronomic tour at Caf\u00e9 Astoria, where you can taste the breakfast delicacies of Budapest, Vienna, Paris, or London. The price of our four-city breakfast offer is HUF 2 990\/person + 12% service charge. Would you like to try more? We also offer a generous buffet breakfast selection every day, between 7:00 a.m. and 10:00 a.m. The price of the buffet breakfast is HUF 5,200\/person + 12% service charge.Astoria Sweet Happy HoursOur coffee house selection will refresh your days with sweet temptation, aromatic coffee, and fragrant tea, and also refill you with energy during the day. Coffee\/tea and cake every day between 3:00 p.m. and 5:00 p.m. &#8211; [&hellip;]<\/p>\n","protected":false},"author":1,"featured_media":0,"parent":0,"menu_order":0,"comment_status":"closed","ping_status":"closed","template":"","meta":{"_et_pb_use_builder":"on","_et_pb_old_content":"","_et_gb_content_width":"","footnotes":""},"class_list":["post-730","page","type-page","status-publish","hentry"],"_links":{"self":[{"href":"https:\/\/cafeastoriabudapest.hu\/en\/wp-json\/wp\/v2\/pages\/730","targetHints":{"allow":["GET"]}}],"collection":[{"href":"https:\/\/cafeastoriabudapest.hu\/en\/wp-json\/wp\/v2\/pages"}],"about":[{"href":"https:\/\/cafeastoriabudapest.hu\/en\/wp-json\/wp\/v2\/types\/page"}],"author":[{"embeddable":true,"href":"https:\/\/cafeastoriabudapest.hu\/en\/wp-json\/wp\/v2\/users\/1"}],"replies":[{"embeddable":true,"href":"https:\/\/cafeastoriabudapest.hu\/en\/wp-json\/wp\/v2\/comments?post=730"}],"version-history":[{"count":32,"href":"https:\/\/cafeastoriabudapest.hu\/en\/wp-json\/wp\/v2\/pages\/730\/revisions"}],"predecessor-version":[{"id":1586,"href":"https:\/\/cafeastoriabudapest.hu\/en\/wp-json\/wp\/v2\/pages\/730\/revisions\/1586"}],"wp:attachment":[{"href":"https:\/\/cafeastoriabudapest.hu\/en\/wp-json\/wp\/v2\/media?parent=730"}],"curies":[{"name":"wp","href":"https:\/\/api.w.org\/{rel}","templated":true}]}}